{"id":48,"date":"2017-12-22T10:53:34","date_gmt":"2017-12-22T10:53:34","guid":{"rendered":"http:\/\/test.kramerdesign.net\/?page_id=48"},"modified":"2020-11-05T10:11:23","modified_gmt":"2020-11-05T09:11:23","slug":"hfk-bremen","status":"publish","type":"page","link":"https:\/\/kramer-produkt-design.de\/?page_id=48","title":{"rendered":"HfK-Bremen"},"content":{"rendered":"<h3>Lehre und Forschung<\/h3>\n<p>Prof. Andreas Kramer vertritt das Lehrgebiet Produktdesign \/ CAD im Studiengang Integriertes Design an der <a href=\"http:\/\/www.hfk-bremen.de\/\" target=\"_blank\" rel=\"noopener noreferrer\">Hochschule f\u00fcr K\u00fcnste-Bremen<\/a>.<\/p>\n<p>Das Lehrgebiet Produktdesign \/ CAD begleitet den gesamten Entwicklungsprozesse einer Produktentwicklung von der Aufgabenstellung bis zur Realisierung.<\/p>\n<p>Die Qualit\u00e4t eines Produktes wird an den Praktischen und Produktsprachlichen Funktionen gegen\u00fcber den Belastungen die ein Produkt verursacht bewertet. Somit spielen Nachhaltigkeit und \u00f6konomische Aspekte eine ebenso gro\u00dfe Rolle wie z.B. formal\u00e4sthetische Fragestellungen.<\/p>\n<p>Eine Auseinandersetzung mit Naturwissenschaften, Technologie und Materialit\u00e4t sind notwendig um \u00fcber eine Konzeption hinaus, tats\u00e4chlich realisierbare Produkte zu entwickeln. Dazu bedarf es selbstverst\u00e4ndlich begleitende Werkzeuge wie z.B. CAD Programme und handwerkliche F\u00e4higkeiten wie z.B. Zeichnen und Modellbau. Eine Neigung zu diesen Faktoren m\u00fcssen die Studierenden mitbringen.<\/p>\n<p>Lehrveranstaltungen werden in der Regel durch Werkstattleiter\/innen in der praktischen Durchf\u00fchrung unterst\u00fctzt. Besondere Schwerpunkte liegen dabei im manuellen und computergest\u00fctzten Entwerfen und Produzieren von Modellen, auch mittels digitalen Fertigungstechniken. Sowie in den \u00a0Holz-, Metall- und Keramikwerkst\u00e4tten.<\/p>\n<p>Regelm\u00e4\u00dfig finden Kooperationsprojekte mit anderen Hochschulen, Instituten und Unternehmen statt, in dennen die Studierenden realistische Praxiserfahrungen sammeln, fachlichen Austausch erfahren und ihre pers\u00f6nlichen Netzwerke erweitern k\u00f6nnen.<\/p>\n<p>Studierende, die an den aufeinander aufbauenden Lehrveranstaltungen des Lehrgebietes Produktdesign \/ CAD teilnehmen, sollen in die Lage versetzt werden, selbstst\u00e4ndig als Autor\/in oder Dienstleistender\/de Produktdesigner\/in komplexe Dreidimensionale Produkte zu entwickeln.<\/p>\n<p><a href=\"https:\/\/kramer-produkt-design.de\/wp-content\/uploads\/2020\/11\/20-11-05-Lehre-Produktdesign-CAD.jpg\"><img loading=\"lazy\" decoding=\"async\" class=\"aligncenter wp-image-1550 size-full\" src=\"https:\/\/kramer-produkt-design.de\/wp-content\/uploads\/2020\/11\/20-11-05-Lehre-Produktdesign-CAD.jpg\" alt=\"\" width=\"1466\" height=\"1115\" srcset=\"https:\/\/kramer-produkt-design.de\/wp-content\/uploads\/2020\/11\/20-11-05-Lehre-Produktdesign-CAD.jpg 1466w, https:\/\/kramer-produkt-design.de\/wp-content\/uploads\/2020\/11\/20-11-05-Lehre-Produktdesign-CAD-300x228.jpg 300w, https:\/\/kramer-produkt-design.de\/wp-content\/uploads\/2020\/11\/20-11-05-Lehre-Produktdesign-CAD-1024x779.jpg 1024w, https:\/\/kramer-produkt-design.de\/wp-content\/uploads\/2020\/11\/20-11-05-Lehre-Produktdesign-CAD-768x584.jpg 768w, https:\/\/kramer-produkt-design.de\/wp-content\/uploads\/2020\/11\/20-11-05-Lehre-Produktdesign-CAD-973x740.jpg 973w, https:\/\/kramer-produkt-design.de\/wp-content\/uploads\/2020\/11\/20-11-05-Lehre-Produktdesign-CAD-508x386.jpg 508w\" sizes=\"auto, (max-width: 1466px) 100vw, 1466px\" \/><\/a><\/p>\n<p><a href=\"https:\/\/kramer-produkt-design.de\/wp-content\/uploads\/2017\/12\/md_2-11_SID.pdf\">Beitrag mD 2\/2011, Was spricht f\u00fcr Bremen<\/a><\/p>\n","protected":false},"excerpt":{"rendered":"<p>Lehre und Forschung Prof. Andreas Kramer vertritt das Lehrgebiet Produktdesign \/ CAD im Studiengang Integriertes Design an der Hochschule f\u00fcr K\u00fcnste-Bremen. Das Lehrgebiet Produktdesign \/ CAD begleitet den&#8230;<\/p>\n","protected":false},"author":1,"featured_media":213,"parent":0,"menu_order":0,"comment_status":"closed","ping_status":"closed","template":"","meta":{"footnotes":""},"class_list":["post-48","page","type-page","status-publish","has-post-thumbnail","hentry"],"_links":{"self":[{"href":"https:\/\/kramer-produkt-design.de\/index.php?rest_route=\/wp\/v2\/pages\/48","targetHints":{"allow":["GET"]}}],"collection":[{"href":"https:\/\/kramer-produkt-design.de\/index.php?rest_route=\/wp\/v2\/pages"}],"about":[{"href":"https:\/\/kramer-produkt-design.de\/index.php?rest_route=\/wp\/v2\/types\/page"}],"author":[{"embeddable":true,"href":"https:\/\/kramer-produkt-design.de\/index.php?rest_route=\/wp\/v2\/users\/1"}],"replies":[{"embeddable":true,"href":"https:\/\/kramer-produkt-design.de\/index.php?rest_route=%2Fwp%2Fv2%2Fcomments&post=48"}],"version-history":[{"count":8,"href":"https:\/\/kramer-produkt-design.de\/index.php?rest_route=\/wp\/v2\/pages\/48\/revisions"}],"predecessor-version":[{"id":1553,"href":"https:\/\/kramer-produkt-design.de\/index.php?rest_route=\/wp\/v2\/pages\/48\/revisions\/1553"}],"wp:featuredmedia":[{"embeddable":true,"href":"https:\/\/kramer-produkt-design.de\/index.php?rest_route=\/wp\/v2\/media\/213"}],"wp:attachment":[{"href":"https:\/\/kramer-produkt-design.de\/index.php?rest_route=%2Fwp%2Fv2%2Fmedia&parent=48"}],"curies":[{"name":"wp","href":"https:\/\/api.w.org\/{rel}","templated":true}]}}